{"id":321,"date":"2014-01-31T13:49:35","date_gmt":"2014-01-31T11:49:35","guid":{"rendered":"http:\/\/tan-paletten.de\/?page_id=321"},"modified":"2016-01-05T11:23:03","modified_gmt":"2016-01-05T09:23:03","slug":"service","status":"publish","type":"page","link":"https:\/\/tan-paletten.de\/?page_id=321","title":{"rendered":"Service"},"content":{"rendered":"<h2>Service<\/h2>\n<h4>Verkauf<\/h4>\n<p style=\"text-align: justify;\">Wir k\u00f6nnen neue und gebrauchte Holzpaletten\u00a0in jeder Art, Ausf\u00fchrung und Qualit\u00e4t anbieten. Die Preise richten sich nach der angefragten Menge bzw. bei Lieferung nach dem Anfahrtsweg.<\/p>\n<h4>Reparatur<\/h4>\n<p style=\"text-align: justify;\">Wir k\u00f6nnen Ihre reparaturf\u00e4higen, defekten Paletten reparieren. Wir k\u00f6nnen diesen Service im Austausch durchf\u00fchren. Sie bekommen intakte, reparierte und kontrollierte Paletten angeliefert und im Gegenzug nehmen wir Ihre defekten Paletten mit.<\/p>\n<h4>Ankauf<\/h4>\n<p style=\"text-align: justify;\">Wir k\u00f6nnen Ihre reparaturf\u00e4higen, defekten Paletten oder Ihre Paletten auf Lager, die Sie nicht mehr ben\u00f6tigen nach einer Pr\u00fcfung abkaufen. Bei EURO- und CP-Paletten ist der Ankauf problemlos m\u00f6glich. Wir sind f\u00fcr eine langfristige Zusammenarbeit, st\u00e4ndig auf der Suche nach zuverl\u00e4ssigen Lieferanten und Partnern.<\/p>\n<div class=\"info\">Gerne informieren wir Sie ausf\u00fchrlich zu unseren Produkten. Kontaktieren Sie uns unter +49 2684 4014 oder nutzen Sie unser Kontaktformular.<\/div>\n","protected":false},"excerpt":{"rendered":"<p>Service Verkauf Wir k\u00f6nnen neue und gebrauchte Holzpaletten\u00a0in jeder Art, Ausf\u00fchrung und Qualit\u00e4t anbieten. Die Preise richten sich nach der angefragten Menge bzw. bei Lieferung nach dem Anfahrtsweg. Reparatur Wir k\u00f6nnen Ihre reparaturf\u00e4higen, defekten Paletten reparieren. Wir k\u00f6nnen diesen Service im Austausch durchf\u00fchren. Sie bekommen intakte, reparierte und kontrollierte Paletten angeliefert und im Gegenzug nehmen [&hellip;]<\/p>\n","protected":false},"author":1,"featured_media":0,"parent":0,"menu_order":0,"comment_status":"closed","ping_status":"open","template":"","meta":{"footnotes":""},"class_list":["post-321","page","type-page","status-publish","hentry"],"_links":{"self":[{"href":"https:\/\/tan-paletten.de\/index.php?rest_route=\/wp\/v2\/pages\/321","targetHints":{"allow":["GET"]}}],"collection":[{"href":"https:\/\/tan-paletten.de\/index.php?rest_route=\/wp\/v2\/pages"}],"about":[{"href":"https:\/\/tan-paletten.de\/index.php?rest_route=\/wp\/v2\/types\/page"}],"author":[{"embeddable":true,"href":"https:\/\/tan-paletten.de\/index.php?rest_route=\/wp\/v2\/users\/1"}],"replies":[{"embeddable":true,"href":"https:\/\/tan-paletten.de\/index.php?rest_route=%2Fwp%2Fv2%2Fcomments&post=321"}],"version-history":[{"count":6,"href":"https:\/\/tan-paletten.de\/index.php?rest_route=\/wp\/v2\/pages\/321\/revisions"}],"predecessor-version":[{"id":405,"href":"https:\/\/tan-paletten.de\/index.php?rest_route=\/wp\/v2\/pages\/321\/revisions\/405"}],"wp:attachment":[{"href":"https:\/\/tan-paletten.de\/index.php?rest_route=%2Fwp%2Fv2%2Fmedia&parent=321"}],"curies":[{"name":"wp","href":"https:\/\/api.w.org\/{rel}","templated":true}]}}