{"id":2,"date":"2013-11-26T09:17:48","date_gmt":"2013-11-26T09:17:48","guid":{"rendered":"http:\/\/tan-paletten.de\/?page_id=2"},"modified":"2020-03-24T11:59:03","modified_gmt":"2020-03-24T09:59:03","slug":"beispiel-seite","status":"publish","type":"page","link":"https:\/\/tan-paletten.de\/?page_id=2","title":{"rendered":"Unternehmen"},"content":{"rendered":"<h3 style=\"text-align: center;\">TAN-Paletten GmbH<\/h3>\n<p style=\"text-align: justify;\">Wir sind Ihr zuverl\u00e4ssiger Ansprechpartner&nbsp;in Sachen Paletten und Gitterboxen. In unserem Betrieb bieten wir Ihnen verschiedene Sorten&nbsp;an Waren und Produkten in hoher Qualit\u00e4t&nbsp;zu fairen Preisen. Unsere Mitarbeiter empfangen Sie jederzeit freundlich und hilfsbereit. Wir f\u00fchren umfassende Beratungsgespr\u00e4che und nehmen uns Zeit f\u00fcr Sie und Ihre Bestellungen. Durch unsere&nbsp;langj\u00e4hrige Erfahrung und engen Kundenkontakt wissen wir, als TAN-Paletten GmbH, worauf es ankommt. Wir&nbsp;haben es&nbsp;uns zum Ziel gesetzt, jeden Kundenwunsch&nbsp;zufriedenstellend zu erf\u00fcllen.<\/p>\n<p>&nbsp;<\/p>\n<h3 style=\"text-align: left;\">&nbsp;<\/h3>\n<h3 style=\"text-align: center;\">Ansprechpartner<\/h3>\n<div class=\"col_12_inner\">\n<h4 style=\"text-align: center;\">Tan Caliskanyuerek<\/h4>\n<p style=\"text-align: center;\"><img loading=\"lazy\" decoding=\"async\" class=\"aligncenter size-full wp-image-313\" style=\"border: 1px solid black;\" src=\"http:\/\/tan-paletten.de\/wp-content\/uploads\/2013\/11\/1047.jpg\" alt=\"1047\" width=\"172\" height=\"293\" srcset=\"https:\/\/tan-paletten.de\/wp-content\/uploads\/2013\/11\/1047.jpg 172w, https:\/\/tan-paletten.de\/wp-content\/uploads\/2013\/11\/1047-117x200.jpg 117w\" sizes=\"auto, (max-width: 172px) 100vw, 172px\" \/><\/p>\n<h6 style=\"text-align: center;\">Gesch\u00e4ftsf\u00fchrer<\/h6>\n<\/div>\n<div class=\"col_12_inner_last\">\n<h4 style=\"text-align: center;\">Ugur Suenker<\/h4>\n<p><img decoding=\"async\" class=\"aligncenter imgbox2\" src=\"http:\/\/tan-paletten.de\/wp-content\/uploads\/2013\/11\/profil.png\" alt=\"\"><\/p>\n<h6 style=\"text-align: center;\">Verwaltung \/ Vertrieb<\/h6>\n<\/div>\n","protected":false},"excerpt":{"rendered":"<p>TAN-Paletten GmbH Wir sind Ihr zuverl\u00e4ssiger Ansprechpartner&nbsp;in Sachen Paletten und Gitterboxen. In unserem Betrieb bieten wir Ihnen verschiedene Sorten&nbsp;an Waren und Produkten in hoher Qualit\u00e4t&nbsp;zu fairen Preisen. Unsere Mitarbeiter empfangen Sie jederzeit freundlich und hilfsbereit. Wir f\u00fchren umfassende Beratungsgespr\u00e4che und nehmen uns Zeit f\u00fcr Sie und Ihre Bestellungen. Durch unsere&nbsp;langj\u00e4hrige Erfahrung und engen Kundenkontakt wissen [&hellip;]<\/p>\n","protected":false},"author":1,"featured_media":0,"parent":0,"menu_order":0,"comment_status":"open","ping_status":"open","template":"","meta":{"footnotes":""},"class_list":["post-2","page","type-page","status-publish","hentry"],"_links":{"self":[{"href":"https:\/\/tan-paletten.de\/index.php?rest_route=\/wp\/v2\/pages\/2","targetHints":{"allow":["GET"]}}],"collection":[{"href":"https:\/\/tan-paletten.de\/index.php?rest_route=\/wp\/v2\/pages"}],"about":[{"href":"https:\/\/tan-paletten.de\/index.php?rest_route=\/wp\/v2\/types\/page"}],"author":[{"embeddable":true,"href":"https:\/\/tan-paletten.de\/index.php?rest_route=\/wp\/v2\/users\/1"}],"replies":[{"embeddable":true,"href":"https:\/\/tan-paletten.de\/index.php?rest_route=%2Fwp%2Fv2%2Fcomments&post=2"}],"version-history":[{"count":55,"href":"https:\/\/tan-paletten.de\/index.php?rest_route=\/wp\/v2\/pages\/2\/revisions"}],"predecessor-version":[{"id":423,"href":"https:\/\/tan-paletten.de\/index.php?rest_route=\/wp\/v2\/pages\/2\/revisions\/423"}],"wp:attachment":[{"href":"https:\/\/tan-paletten.de\/index.php?rest_route=%2Fwp%2Fv2%2Fmedia&parent=2"}],"curies":[{"name":"wp","href":"https:\/\/api.w.org\/{rel}","templated":true}]}}