{"id":142,"date":"2013-12-06T14:34:02","date_gmt":"2013-12-06T12:34:02","guid":{"rendered":"http:\/\/tan-paletten.de\/?page_id=142"},"modified":"2016-01-05T11:22:23","modified_gmt":"2016-01-05T09:22:23","slug":"gitterboxen","status":"publish","type":"page","link":"https:\/\/tan-paletten.de\/?page_id=142","title":{"rendered":"Gitterboxen"},"content":{"rendered":"<h2>Gitterboxen<img loading=\"lazy\" decoding=\"async\" class=\"alignright  wp-image-352\" alt=\"eurogitterboxen\" src=\"http:\/\/tan-paletten.de\/wp-content\/uploads\/2013\/12\/eurogitterboxen1-300x236.jpg\" width=\"216\" height=\"170\" srcset=\"https:\/\/tan-paletten.de\/wp-content\/uploads\/2013\/12\/eurogitterboxen1-300x236.jpg 300w, https:\/\/tan-paletten.de\/wp-content\/uploads\/2013\/12\/eurogitterboxen1-200x157.jpg 200w, https:\/\/tan-paletten.de\/wp-content\/uploads\/2013\/12\/eurogitterboxen1.jpg 400w\" sizes=\"auto, (max-width: 216px) 100vw, 216px\" \/><\/h2>\n<p style=\"text-align: left;\">Eine Gitterbox oder Gitterboxpalette, kurz Gibo, ist ein aus einer Stahlrahmen-Gitter-Konstruktion bestehendes Ladehilfsmittel in der F\u00f6rdertechnik. Vier F\u00fc\u00dfe erm\u00f6glichen die Aufnahme der Gitterbox mittels eines Gabelstaplers von allen vier Seiten. Zur Stapelung der Boxen sind Stellwinkelaufs\u00e4tze angebracht.<\/p>\n<p><strong>Eckdaten der Gitterbox:<\/strong><br \/>\n\u00b7 Ma\u00dfe: 800 x 1.200 x 970 mm<br \/>\n\u00b7 Tragf\u00e4higkeit: ca. 1500 kg<br \/>\n\u00b7 Eigengewicht: ca. 85 kg<br \/>\n\u00b7 Ladevolumen: 0,80 m3<\/p>\n<p><strong>Folgende Ausf\u00fchrungen k\u00f6nnen Sie bei uns erhalten:<\/strong><\/p>\n<ul class=\"itemlist\">\n<li>Gitterbox, neuwertig<\/li>\n<li>Gitterbox, gebraucht<\/li>\n<\/ul>\n<div class=\"info\">Gerne informieren wir Sie ausf\u00fchrlich zu unseren Produkten. Kontaktieren Sie uns unter +49 2684 4014 oder nutzen Sie unser <a href=\"http:\/\/tan-paletten.de\/?page_id=30\">Kontaktformular<\/a>.<\/div>\n","protected":false},"excerpt":{"rendered":"<p>Gitterboxen Eine Gitterbox oder Gitterboxpalette, kurz Gibo, ist ein aus einer Stahlrahmen-Gitter-Konstruktion bestehendes Ladehilfsmittel in der F\u00f6rdertechnik. Vier F\u00fc\u00dfe erm\u00f6glichen die Aufnahme der Gitterbox mittels eines Gabelstaplers von allen vier Seiten. Zur Stapelung der Boxen sind Stellwinkelaufs\u00e4tze angebracht. Eckdaten der Gitterbox: \u00b7 Ma\u00dfe: 800 x 1.200 x 970 mm \u00b7 Tragf\u00e4higkeit: ca. 1500 kg \u00b7 [&hellip;]<\/p>\n","protected":false},"author":1,"featured_media":0,"parent":10,"menu_order":4,"comment_status":"closed","ping_status":"closed","template":"","meta":{"footnotes":""},"class_list":["post-142","page","type-page","status-publish","hentry"],"_links":{"self":[{"href":"https:\/\/tan-paletten.de\/index.php?rest_route=\/wp\/v2\/pages\/142","targetHints":{"allow":["GET"]}}],"collection":[{"href":"https:\/\/tan-paletten.de\/index.php?rest_route=\/wp\/v2\/pages"}],"about":[{"href":"https:\/\/tan-paletten.de\/index.php?rest_route=\/wp\/v2\/types\/page"}],"author":[{"embeddable":true,"href":"https:\/\/tan-paletten.de\/index.php?rest_route=\/wp\/v2\/users\/1"}],"replies":[{"embeddable":true,"href":"https:\/\/tan-paletten.de\/index.php?rest_route=%2Fwp%2Fv2%2Fcomments&post=142"}],"version-history":[{"count":8,"href":"https:\/\/tan-paletten.de\/index.php?rest_route=\/wp\/v2\/pages\/142\/revisions"}],"predecessor-version":[{"id":404,"href":"https:\/\/tan-paletten.de\/index.php?rest_route=\/wp\/v2\/pages\/142\/revisions\/404"}],"up":[{"embeddable":true,"href":"https:\/\/tan-paletten.de\/index.php?rest_route=\/wp\/v2\/pages\/10"}],"wp:attachment":[{"href":"https:\/\/tan-paletten.de\/index.php?rest_route=%2Fwp%2Fv2%2Fmedia&parent=142"}],"curies":[{"name":"wp","href":"https:\/\/api.w.org\/{rel}","templated":true}]}}