{"id":140,"date":"2013-12-06T14:32:26","date_gmt":"2013-12-06T12:32:26","guid":{"rendered":"http:\/\/tan-paletten.de\/?page_id=140"},"modified":"2016-01-05T11:21:43","modified_gmt":"2016-01-05T09:21:43","slug":"cp-paletten","status":"publish","type":"page","link":"https:\/\/tan-paletten.de\/?page_id=140","title":{"rendered":"CP-Paletten"},"content":{"rendered":"<h2 style=\"text-align: left;\">CP-Paletten<\/h2>\n<p><img loading=\"lazy\" decoding=\"async\" class=\"alignright  wp-image-354\" alt=\"chemiepaletten\" src=\"http:\/\/tan-paletten.de\/wp-content\/uploads\/2013\/12\/chemiepaletten1.jpg\" width=\"210\" height=\"144\" srcset=\"https:\/\/tan-paletten.de\/wp-content\/uploads\/2013\/12\/chemiepaletten1.jpg 300w, https:\/\/tan-paletten.de\/wp-content\/uploads\/2013\/12\/chemiepaletten1-200x136.jpg 200w\" sizes=\"auto, (max-width: 210px) 100vw, 210px\" \/><\/p>\n<p style=\"text-align: left;\">Die Chemiepaletten wurden unter Berucksichtigung der Anforderungen an die Chemieindustrie entwickelt und produziert. CP-Paletten sind aber auch in vielen anderen Bereichen als Ladungstr\u00e4ger einsetzbar. Die Chemie-Palette gibt es in insgesamt 9 verschiedenen Ausf\u00fchrungen. Sie werden einfach durchnummeriert von CP1 bis CP9.<\/p>\n<p><strong>Folgende Ausf\u00fchrungen k\u00f6nnen Sie bei uns auf Anfrage erhalten:<\/strong><\/p>\n<ul class=\"itemlist\">\n<li>CP 1, 1000 x 1200 mm, gebraucht oder neu<\/li>\n<li>CP 2, 800 x 1200 mm, gebraucht oder neu<\/li>\n<li>CP 3, 1140 x 1140 mm, gebraucht oder neu<\/li>\n<li>CP 4, 1100 x 1300 mm, gebraucht oder neu<\/li>\n<li>CP 5, 760 x 1140 mm, gebraucht oder neu<\/li>\n<li>CP 6, 1000 x 1200 mm, gebraucht oder neu<\/li>\n<li>CP 7, 1100 x 1300 mm, gebraucht oder neu<\/li>\n<li>CP 8, 1140 x 1140 mm, gebraucht oder neu<\/li>\n<li>CP 9, 1140 x 1140 mm, gebraucht oder neu<\/li>\n<\/ul>\n<div class=\"info\">Gerne informieren wir Sie ausf\u00fchrlich zu unseren Produkten. Kontaktieren Sie uns unter +49 2684 4014 oder nutzen Sie unser <a href=\"http:\/\/tan-paletten.de\/?page_id=30\">Kontaktformular<\/a>.<\/div>\n","protected":false},"excerpt":{"rendered":"<p>CP-Paletten Die Chemiepaletten wurden unter Berucksichtigung der Anforderungen an die Chemieindustrie entwickelt und produziert. CP-Paletten sind aber auch in vielen anderen Bereichen als Ladungstr\u00e4ger einsetzbar. Die Chemie-Palette gibt es in insgesamt 9 verschiedenen Ausf\u00fchrungen. Sie werden einfach durchnummeriert von CP1 bis CP9. Folgende Ausf\u00fchrungen k\u00f6nnen Sie bei uns auf Anfrage erhalten:<\/p>\n","protected":false},"author":1,"featured_media":0,"parent":10,"menu_order":2,"comment_status":"closed","ping_status":"closed","template":"","meta":{"footnotes":""},"class_list":["post-140","page","type-page","status-publish","hentry"],"_links":{"self":[{"href":"https:\/\/tan-paletten.de\/index.php?rest_route=\/wp\/v2\/pages\/140","targetHints":{"allow":["GET"]}}],"collection":[{"href":"https:\/\/tan-paletten.de\/index.php?rest_route=\/wp\/v2\/pages"}],"about":[{"href":"https:\/\/tan-paletten.de\/index.php?rest_route=\/wp\/v2\/types\/page"}],"author":[{"embeddable":true,"href":"https:\/\/tan-paletten.de\/index.php?rest_route=\/wp\/v2\/users\/1"}],"replies":[{"embeddable":true,"href":"https:\/\/tan-paletten.de\/index.php?rest_route=%2Fwp%2Fv2%2Fcomments&post=140"}],"version-history":[{"count":7,"href":"https:\/\/tan-paletten.de\/index.php?rest_route=\/wp\/v2\/pages\/140\/revisions"}],"predecessor-version":[{"id":402,"href":"https:\/\/tan-paletten.de\/index.php?rest_route=\/wp\/v2\/pages\/140\/revisions\/402"}],"up":[{"embeddable":true,"href":"https:\/\/tan-paletten.de\/index.php?rest_route=\/wp\/v2\/pages\/10"}],"wp:attachment":[{"href":"https:\/\/tan-paletten.de\/index.php?rest_route=%2Fwp%2Fv2%2Fmedia&parent=140"}],"curies":[{"name":"wp","href":"https:\/\/api.w.org\/{rel}","templated":true}]}}