{"id":138,"date":"2013-12-06T14:32:05","date_gmt":"2013-12-06T12:32:05","guid":{"rendered":"http:\/\/tan-paletten.de\/?page_id=138"},"modified":"2016-01-05T11:21:05","modified_gmt":"2016-01-05T09:21:05","slug":"einwegpaletten","status":"publish","type":"page","link":"https:\/\/tan-paletten.de\/?page_id=138","title":{"rendered":"Einwegpaletten"},"content":{"rendered":"<h2>Einwegpaletten<\/h2>\n<p><img loading=\"lazy\" decoding=\"async\" class=\"alignright  wp-image-333\" alt=\"einwegpaletten\" src=\"http:\/\/tan-paletten.de\/wp-content\/uploads\/2013\/12\/einwegpaletten-300x137.jpg\" width=\"243\" height=\"111\" srcset=\"https:\/\/tan-paletten.de\/wp-content\/uploads\/2013\/12\/einwegpaletten-300x137.jpg 300w, https:\/\/tan-paletten.de\/wp-content\/uploads\/2013\/12\/einwegpaletten-200x91.jpg 200w, https:\/\/tan-paletten.de\/wp-content\/uploads\/2013\/12\/einwegpaletten.jpg 454w\" sizes=\"auto, (max-width: 243px) 100vw, 243px\" \/><\/p>\n<p style=\"text-align: left;\">Eine Einwegpalette ist eine f\u00fcr den einmaligen Transport vom Hersteller zum Verbraucher bestimmte Transportpalette. Gr\u00f6\u00dftenteils wird diese Palette f\u00fcr den einmaligen Einsatz oder f\u00fcr Waren in Sondergr\u00f6ssen verwendet.<\/p>\n<p><strong>Folgende Ausf\u00fchrungen k\u00f6nnen Sie bei uns erhalten:<\/strong><\/p>\n<ul class=\"itemlist\">\n<li>Einwegpaletten 60 x 80 cm, gebraucht oder neu<\/li>\n<li>Einwegpaletten 80 x 120 cm, gebraucht oder neu<\/li>\n<li>Einwegpaletten 100 x 100 cm, gebraucht oder neu<\/li>\n<li>Einwegpaletten 100 x 120 cm, gebraucht oder neu<\/li>\n<li>Einwegpaletten 105 x 105 cm, gebraucht oder neu<\/li>\n<li>Einwegpaletten 110 x 110 cm, gebraucht oder neu<\/li>\n<li>Einwegpaletten 114 x 114 cm, gebraucht oder neu<\/li>\n<li>Einwegpaletten 120 x 120 cm, gebraucht oder neu<\/li>\n<\/ul>\n<p><strong>Wir k\u00f6nenn auch Einwegpaletten nach Angabe der gew\u00fcnschten Ma\u00dfe anfertigen oder beschaffen.<\/strong><\/p>\n<div class=\"info\">Gerne informieren wir Sie ausf\u00fchrlich zu unseren Produkten. Kontaktieren Sie uns unter +49 2684 4014 oder nutzen Sie unser <a href=\"http:\/\/tan-paletten.de\/?page_id=30\">Kontaktformular<\/a>.<\/div>\n","protected":false},"excerpt":{"rendered":"<p>Einwegpaletten Eine Einwegpalette ist eine f\u00fcr den einmaligen Transport vom Hersteller zum Verbraucher bestimmte Transportpalette. Gr\u00f6\u00dftenteils wird diese Palette f\u00fcr den einmaligen Einsatz oder f\u00fcr Waren in Sondergr\u00f6ssen verwendet. Folgende Ausf\u00fchrungen k\u00f6nnen Sie bei uns erhalten: Wir k\u00f6nenn auch Einwegpaletten nach Angabe der gew\u00fcnschten Ma\u00dfe anfertigen oder beschaffen.<\/p>\n","protected":false},"author":1,"featured_media":0,"parent":10,"menu_order":1,"comment_status":"closed","ping_status":"closed","template":"","meta":{"footnotes":""},"class_list":["post-138","page","type-page","status-publish","hentry"],"_links":{"self":[{"href":"https:\/\/tan-paletten.de\/index.php?rest_route=\/wp\/v2\/pages\/138","targetHints":{"allow":["GET"]}}],"collection":[{"href":"https:\/\/tan-paletten.de\/index.php?rest_route=\/wp\/v2\/pages"}],"about":[{"href":"https:\/\/tan-paletten.de\/index.php?rest_route=\/wp\/v2\/types\/page"}],"author":[{"embeddable":true,"href":"https:\/\/tan-paletten.de\/index.php?rest_route=\/wp\/v2\/users\/1"}],"replies":[{"embeddable":true,"href":"https:\/\/tan-paletten.de\/index.php?rest_route=%2Fwp%2Fv2%2Fcomments&post=138"}],"version-history":[{"count":39,"href":"https:\/\/tan-paletten.de\/index.php?rest_route=\/wp\/v2\/pages\/138\/revisions"}],"predecessor-version":[{"id":401,"href":"https:\/\/tan-paletten.de\/index.php?rest_route=\/wp\/v2\/pages\/138\/revisions\/401"}],"up":[{"embeddable":true,"href":"https:\/\/tan-paletten.de\/index.php?rest_route=\/wp\/v2\/pages\/10"}],"wp:attachment":[{"href":"https:\/\/tan-paletten.de\/index.php?rest_route=%2Fwp%2Fv2%2Fmedia&parent=138"}],"curies":[{"name":"wp","href":"https:\/\/api.w.org\/{rel}","templated":true}]}}