{"id":136,"date":"2013-12-06T14:31:01","date_gmt":"2013-12-06T12:31:01","guid":{"rendered":"http:\/\/tan-paletten.de\/?page_id=136"},"modified":"2016-01-05T11:20:32","modified_gmt":"2016-01-05T09:20:32","slug":"euro-paletten","status":"publish","type":"page","link":"https:\/\/tan-paletten.de\/?page_id=136","title":{"rendered":"Europaletten"},"content":{"rendered":"<h2>Europaletten<\/h2>\n<p><img loading=\"lazy\" decoding=\"async\" class=\"alignright  wp-image-357\" alt=\"europaletten\" src=\"http:\/\/tan-paletten.de\/wp-content\/uploads\/2013\/12\/europaletten-300x157.png\" width=\"240\" height=\"126\" srcset=\"https:\/\/tan-paletten.de\/wp-content\/uploads\/2013\/12\/europaletten-300x157.png 300w, https:\/\/tan-paletten.de\/wp-content\/uploads\/2013\/12\/europaletten-200x105.png 200w, https:\/\/tan-paletten.de\/wp-content\/uploads\/2013\/12\/europaletten.png 554w\" sizes=\"auto, (max-width: 240px) 100vw, 240px\" \/><\/p>\n<p style=\"text-align: left;\">Die Europalette geh\u00f6rt zu den wichtigsten Lademittel f\u00fcr den Wirtschaftskreislauf. Sie unterliegt den Bestimmungen des Europ\u00e4ischen Palettenpools und somit der eindeutigen Kennzeichnungspflicht.<\/p>\n<p><strong>Eckdaten der Europalette:<\/strong><br \/>\n\u00b7 Ma\u00dfe: 800 x 1.200 x 144 mm<br \/>\n\u00b7 Tragf\u00e4higkeit: ca. 1500 kg<br \/>\n\u00b7 Eigengewicht: ca. 25 kg<\/p>\n<p><strong>Folgende Ausf\u00fchrungen k\u00f6nnen Sie bei uns erhalten:<\/strong><\/p>\n<ul class=\"itemlist\">\n<li>Europalette neu, IPPC behandelt<\/li>\n<li>Europalette neu, IPPC behandelt, kammergetrocknet<\/li>\n<li>Europalette gebraucht,\u00a0 I. Wahl<\/li>\n<li>Europalette gebraucht,\u00a0 II. Wahl<\/li>\n<\/ul>\n<div class=\"info\">Gerne informieren wir Sie ausf\u00fchrlich zu unseren Produkten. Kontaktieren Sie uns unter +49 2684 4014 oder nutzen Sie unser <a href=\"http:\/\/tan-paletten.de\/?page_id=30\">Kontaktformular<\/a>.<\/div>\n","protected":false},"excerpt":{"rendered":"<p>Europaletten Die Europalette geh\u00f6rt zu den wichtigsten Lademittel f\u00fcr den Wirtschaftskreislauf. Sie unterliegt den Bestimmungen des Europ\u00e4ischen Palettenpools und somit der eindeutigen Kennzeichnungspflicht. Eckdaten der Europalette: \u00b7 Ma\u00dfe: 800 x 1.200 x 144 mm \u00b7 Tragf\u00e4higkeit: ca. 1500 kg \u00b7 Eigengewicht: ca. 25 kg Folgende Ausf\u00fchrungen k\u00f6nnen Sie bei uns erhalten:<\/p>\n","protected":false},"author":1,"featured_media":0,"parent":10,"menu_order":0,"comment_status":"closed","ping_status":"closed","template":"","meta":{"footnotes":""},"class_list":["post-136","page","type-page","status-publish","hentry"],"_links":{"self":[{"href":"https:\/\/tan-paletten.de\/index.php?rest_route=\/wp\/v2\/pages\/136","targetHints":{"allow":["GET"]}}],"collection":[{"href":"https:\/\/tan-paletten.de\/index.php?rest_route=\/wp\/v2\/pages"}],"about":[{"href":"https:\/\/tan-paletten.de\/index.php?rest_route=\/wp\/v2\/types\/page"}],"author":[{"embeddable":true,"href":"https:\/\/tan-paletten.de\/index.php?rest_route=\/wp\/v2\/users\/1"}],"replies":[{"embeddable":true,"href":"https:\/\/tan-paletten.de\/index.php?rest_route=%2Fwp%2Fv2%2Fcomments&post=136"}],"version-history":[{"count":80,"href":"https:\/\/tan-paletten.de\/index.php?rest_route=\/wp\/v2\/pages\/136\/revisions"}],"predecessor-version":[{"id":400,"href":"https:\/\/tan-paletten.de\/index.php?rest_route=\/wp\/v2\/pages\/136\/revisions\/400"}],"up":[{"embeddable":true,"href":"https:\/\/tan-paletten.de\/index.php?rest_route=\/wp\/v2\/pages\/10"}],"wp:attachment":[{"href":"https:\/\/tan-paletten.de\/index.php?rest_route=%2Fwp%2Fv2%2Fmedia&parent=136"}],"curies":[{"name":"wp","href":"https:\/\/api.w.org\/{rel}","templated":true}]}}